{"id":27204,"date":"2018-04-13T00:42:15","date_gmt":"2018-04-13T04:42:15","guid":{"rendered":"https:\/\/www.orbie.ca\/materning\/"},"modified":"2024-03-01T15:58:24","modified_gmt":"2024-03-01T20:58:24","slug":"materning","status":"publish","type":"page","link":"https:\/\/www.orbie.ca\/de\/materning\/","title":{"rendered":"MATERN ILLUSTRIERTE WERKZEUGE"},"content":{"rendered":"\n<div class=\"wp-block-cover is-style-default has-black-color has-text-color has-link-color wp-elements-66583e343045383b4e56685bbea1222f\" style=\"min-height:354px;aspect-ratio:unset;\"><span aria-hidden=\"true\" class=\"wp-block-cover__background has-light-green-cyan-background-color has-background-dim-100 has-background-dim\"><\/span><div class=\"wp-block-cover__inner-container is-layout-flow wp-block-cover-is-layout-flow\">\n<div class=\"wp-block-group\"><div class=\"wp-block-group__inner-container is-layout-flow wp-block-group-is-layout-flow\">\n<h2 class=\"wp-block-heading has-text-align-center\"><span style=\"color: #ffffff;\" class=\"stk-highlight\">Wichtige Mitteilung<\/span><\/h2>\n\n\n\n<p class=\"has-text-align-center\">Bitte beachten Sie, dass es seit M\u00e4rz 2024 nicht mehr m\u00f6glich ist, meine Mothering-Tools zu erwerben oder eine Berufslizenz zu erwerben. Ich musste die Arbeit rund um diese Bilder einstellen, da ich leider nicht mehr \u00fcber die Ressourcen und die technischen, energetischen, finanziellen und zeitlichen Kapazit\u00e4ten verf\u00fcge, um mich weiterhin um die Verwaltung und Kommunikation rund um die Bilder zu k\u00fcmmern. Ich m\u00f6chte mich mehr der Sch\u00f6pfung, dem Leben abseits der Leinwand und meiner Familie widmen.<\/p>\n<\/div><\/div>\n<\/div><\/div>\n\n\n\n<div style=\"height:28px\" aria-hidden=\"true\" class=\"wp-block-spacer\"><\/div>\n\n\n\n<h2 class=\"wp-block-heading\">MATERN ILLUSTRIERTE WERKZEUGE<\/h2>\n\n\n\n<p>Hier sind alle Tools und Poster, die ich zum Thema Familie und Elternschaft erstelle. Familientools und Spiele, die ich f\u00fcr meine Geburt, das Stillen und meine Kinder entwickelt habe. :o)<\/p>\n\n\n\n<figure class=\"wp-block-image size-large\"><a href=\"https:\/\/www.orbie.ca\/wp-content\/uploads\/2022\/10\/DE_Affiches_cadres_3-affiches.jpg\" data-rel=\"lightbox-gallery-66webUsd\" data-rl_title=\"\" data-rl_caption=\"\" title=\"\"><img loading=\"lazy\" decoding=\"async\" width=\"1024\" height=\"768\" src=\"https:\/\/www.orbie.ca\/wp-content\/uploads\/2022\/10\/DE_Affiches_cadres_3-affiches-1024x768.jpg\" alt=\"\" class=\"wp-image-28771\" srcset=\"https:\/\/www.orbie.ca\/wp-content\/uploads\/2022\/10\/DE_Affiches_cadres_3-affiches-1024x768.jpg 1024w, https:\/\/www.orbie.ca\/wp-content\/uploads\/2022\/10\/DE_Affiches_cadres_3-affiches-300x225.jpg 300w, https:\/\/www.orbie.ca\/wp-content\/uploads\/2022\/10\/DE_Affiches_cadres_3-affiches-1536x1152.jpg 1536w, https:\/\/www.orbie.ca\/wp-content\/uploads\/2022\/10\/DE_Affiches_cadres_3-affiches-600x450.jpg 600w, https:\/\/www.orbie.ca\/wp-content\/uploads\/2022\/10\/DE_Affiches_cadres_3-affiches-940x705.jpg 940w, https:\/\/www.orbie.ca\/wp-content\/uploads\/2022\/10\/DE_Affiches_cadres_3-affiches.jpg 2000w\" sizes=\"auto, (max-width: 1024px) 100vw, 1024px\" \/><\/a><\/figure>\n\n\n\n<div style=\"height:82px\" aria-hidden=\"true\" class=\"wp-block-spacer\"><\/div>\n\n\n\n<div class=\"wp-block-columns is-layout-flex wp-container-core-columns-is-layout-9d6595d7 wp-block-columns-is-layout-flex\">\n<div class=\"wp-block-column is-layout-flow wp-block-column-is-layout-flow\">\n<p class=\"has-text-align-center\"><strong>Nat\u00fcrliche Geburt<\/strong><\/p>\n\n\n\n<figure class=\"wp-block-image size-full\"><a href=\"https:\/\/www.orbie.ca\/de\/portfolio\/spickzettel-fuer-eine-natuerliche-geburt-dunkle-haut\/\"><img loading=\"lazy\" decoding=\"async\" width=\"500\" height=\"500\" src=\"https:\/\/www.orbie.ca\/wp-content\/uploads\/2022\/10\/NaturlicheGeburt_DunkleHaut_Portfolio.jpg\" alt=\"\" class=\"wp-image-28661\" srcset=\"https:\/\/www.orbie.ca\/wp-content\/uploads\/2022\/10\/NaturlicheGeburt_DunkleHaut_Portfolio.jpg 500w, https:\/\/www.orbie.ca\/wp-content\/uploads\/2022\/10\/NaturlicheGeburt_DunkleHaut_Portfolio-300x300.jpg 300w, https:\/\/www.orbie.ca\/wp-content\/uploads\/2022\/10\/NaturlicheGeburt_DunkleHaut_Portfolio-150x150.jpg 150w\" sizes=\"auto, (max-width: 500px) 100vw, 500px\" \/><\/a><\/figure>\n<\/div>\n\n\n\n<div class=\"wp-block-column is-layout-flow wp-block-column-is-layout-flow\">\n<p class=\"has-text-align-center\"><strong>Nat\u00fcrliche Geburt<\/strong><\/p>\n\n\n\n<figure class=\"wp-block-image size-full\"><a href=\"https:\/\/www.orbie.ca\/de\/portfolio\/aide-memoire-accouchement\/\"><img loading=\"lazy\" decoding=\"async\" width=\"500\" height=\"500\" src=\"https:\/\/www.orbie.ca\/wp-content\/uploads\/2016\/04\/DE_portfolio.jpg\" alt=\"\" class=\"wp-image-27248\" srcset=\"https:\/\/www.orbie.ca\/wp-content\/uploads\/2016\/04\/DE_portfolio.jpg 500w, https:\/\/www.orbie.ca\/wp-content\/uploads\/2016\/04\/DE_portfolio-300x300.jpg 300w, https:\/\/www.orbie.ca\/wp-content\/uploads\/2016\/04\/DE_portfolio-150x150.jpg 150w\" sizes=\"auto, (max-width: 500px) 100vw, 500px\" \/><\/a><\/figure>\n<\/div>\n\n\n\n<div class=\"wp-block-column is-layout-flow wp-block-column-is-layout-flow\">\n<p class=\"has-text-align-center\"><strong>Baby-zeichen<\/strong><\/p>\n\n\n\n<figure class=\"wp-block-image size-full\"><a href=\"https:\/\/www.orbie.ca\/de\/portfolio\/baby-sign-language-poster\/\"><img loading=\"lazy\" decoding=\"async\" width=\"500\" height=\"500\" src=\"https:\/\/www.orbie.ca\/wp-content\/uploads\/2022\/09\/DE_signes_portfolio.jpg\" alt=\"\" class=\"wp-image-27258\" srcset=\"https:\/\/www.orbie.ca\/wp-content\/uploads\/2022\/09\/DE_signes_portfolio.jpg 500w, https:\/\/www.orbie.ca\/wp-content\/uploads\/2022\/09\/DE_signes_portfolio-300x300.jpg 300w, https:\/\/www.orbie.ca\/wp-content\/uploads\/2022\/09\/DE_signes_portfolio-150x150.jpg 150w\" sizes=\"auto, (max-width: 500px) 100vw, 500px\" \/><\/a><\/figure>\n<\/div>\n<\/div>\n\n\n\n<div class=\"wp-block-columns is-layout-flex wp-container-core-columns-is-layout-9d6595d7 wp-block-columns-is-layout-flex\">\n<div class=\"wp-block-column is-layout-flow wp-block-column-is-layout-flow\">\n<p class=\"has-text-align-center\"><strong>Willkommen Baby<\/strong><\/p>\n\n\n\n<figure class=\"wp-block-image size-full is-resized\"><a href=\"https:\/\/www.orbie.ca\/de\/portfolio\/prenatal-illustration-welcoming-newborn-baby\/\"><img loading=\"lazy\" decoding=\"async\" width=\"500\" height=\"500\" src=\"https:\/\/www.orbie.ca\/wp-content\/uploads\/2017\/09\/accueillirbebe_thumb.jpg\" alt=\"\" class=\"wp-image-21093\" style=\"width:250px;height:250px\"\/><\/a><\/figure>\n<\/div>\n\n\n\n<div class=\"wp-block-column is-layout-flow wp-block-column-is-layout-flow\" style=\"flex-basis:33.33%\">\n<p class=\"has-text-align-center\"><strong>Workshops f\u00fcr <\/strong><br><strong>neue Eltern<\/strong><\/p>\n\n\n\n<figure class=\"wp-block-image size-full is-resized\"><a href=\"https:\/\/www.orbie.ca\/de\/portfolio\/parenting-materning-prenatal-and-posnatal-meetings-illustration\/\"><img loading=\"lazy\" decoding=\"async\" width=\"274\" height=\"274\" src=\"https:\/\/www.orbie.ca\/wp-content\/uploads\/2022\/09\/causeries_plusieurscouleurs_portfolio.jpg\" alt=\"\" class=\"wp-image-27070\" style=\"width:250px;height:250px\" srcset=\"https:\/\/www.orbie.ca\/wp-content\/uploads\/2022\/09\/causeries_plusieurscouleurs_portfolio.jpg 274w, https:\/\/www.orbie.ca\/wp-content\/uploads\/2022\/09\/causeries_plusieurscouleurs_portfolio-150x150.jpg 150w\" sizes=\"auto, (max-width: 274px) 100vw, 274px\" \/><\/a><\/figure>\n<\/div>\n\n\n\n<div class=\"wp-block-column is-layout-flow wp-block-column-is-layout-flow\">\n<p class=\"has-text-align-center\"><strong>Lass uns ein <\/strong><br><strong>Motivationsspiel anziehen<\/strong><\/p>\n\n\n\n<figure class=\"wp-block-image size-large\"><a href=\"https:\/\/www.orbie.ca\/de\/portfolio\/lets-get-dressed-motivation-game\/\"><img decoding=\"async\" src=\"https:\/\/www.orbie.ca\/wp-content\/uploads\/2017\/02\/madou_avatar.jpg\" alt=\"\"\/><\/a><\/figure>\n<\/div>\n<\/div>\n\n\n\n<div style=\"height:41px\" aria-hidden=\"true\" class=\"wp-block-spacer\"><\/div>\n\n\n\n<ul class=\"wp-block-social-links is-style-logos-only is-horizontal is-content-justification-center is-layout-flex wp-container-core-social-links-is-layout-499968f5 wp-block-social-links-is-layout-flex\"><li class=\"wp-social-link wp-social-link-facebook has-black-color wp-block-social-link\"><a rel=\"noopener nofollow\" target=\"_blank\" href=\"https:\/\/www.facebook.com\/dessinsorbie\/\" class=\"wp-block-social-link-anchor\"><svg width=\"24\" height=\"24\" viewBox=\"0 0 24 24\" version=\"1.1\" xmlns=\"http:\/\/www.w3.org\/2000\/svg\" aria-hidden=\"true\" focusable=\"false\"><path d=\"M12 2C6.5 2 2 6.5 2 12c0 5 3.7 9.1 8.4 9.9v-7H7.9V12h2.5V9.8c0-2.5 1.5-3.9 3.8-3.9 1.1 0 2.2.2 2.2.2v2.5h-1.3c-1.2 0-1.6.8-1.6 1.6V12h2.8l-.4 2.9h-2.3v7C18.3 21.1 22 17 22 12c0-5.5-4.5-10-10-10z\"><\/path><\/svg><span class=\"wp-block-social-link-label screen-reader-text\">Facebook<\/span><\/a><\/li>\n\n<li class=\"wp-social-link wp-social-link-instagram has-black-color wp-block-social-link\"><a rel=\"noopener nofollow\" target=\"_blank\" href=\"https:\/\/www.instagram.com\/orbieillustration\/\" class=\"wp-block-social-link-anchor\"><svg width=\"24\" height=\"24\" viewBox=\"0 0 24 24\" version=\"1.1\" xmlns=\"http:\/\/www.w3.org\/2000\/svg\" aria-hidden=\"true\" focusable=\"false\"><path d=\"M12,4.622c2.403,0,2.688,0.009,3.637,0.052c0.877,0.04,1.354,0.187,1.671,0.31c0.42,0.163,0.72,0.358,1.035,0.673 c0.315,0.315,0.51,0.615,0.673,1.035c0.123,0.317,0.27,0.794,0.31,1.671c0.043,0.949,0.052,1.234,0.052,3.637 s-0.009,2.688-0.052,3.637c-0.04,0.877-0.187,1.354-0.31,1.671c-0.163,0.42-0.358,0.72-0.673,1.035 c-0.315,0.315-0.615,0.51-1.035,0.673c-0.317,0.123-0.794,0.27-1.671,0.31c-0.949,0.043-1.233,0.052-3.637,0.052 s-2.688-0.009-3.637-0.052c-0.877-0.04-1.354-0.187-1.671-0.31c-0.42-0.163-0.72-0.358-1.035-0.673 c-0.315-0.315-0.51-0.615-0.673-1.035c-0.123-0.317-0.27-0.794-0.31-1.671C4.631,14.688,4.622,14.403,4.622,12 s0.009-2.688,0.052-3.637c0.04-0.877,0.187-1.354,0.31-1.671c0.163-0.42,0.358-0.72,0.673-1.035 c0.315-0.315,0.615-0.51,1.035-0.673c0.317-0.123,0.794-0.27,1.671-0.31C9.312,4.631,9.597,4.622,12,4.622 M12,3 C9.556,3,9.249,3.01,8.289,3.054C7.331,3.098,6.677,3.25,6.105,3.472C5.513,3.702,5.011,4.01,4.511,4.511 c-0.5,0.5-0.808,1.002-1.038,1.594C3.25,6.677,3.098,7.331,3.054,8.289C3.01,9.249,3,9.556,3,12c0,2.444,0.01,2.751,0.054,3.711 c0.044,0.958,0.196,1.612,0.418,2.185c0.23,0.592,0.538,1.094,1.038,1.594c0.5,0.5,1.002,0.808,1.594,1.038 c0.572,0.222,1.227,0.375,2.185,0.418C9.249,20.99,9.556,21,12,21s2.751-0.01,3.711-0.054c0.958-0.044,1.612-0.196,2.185-0.418 c0.592-0.23,1.094-0.538,1.594-1.038c0.5-0.5,0.808-1.002,1.038-1.594c0.222-0.572,0.375-1.227,0.418-2.185 C20.99,14.751,21,14.444,21,12s-0.01-2.751-0.054-3.711c-0.044-0.958-0.196-1.612-0.418-2.185c-0.23-0.592-0.538-1.094-1.038-1.594 c-0.5-0.5-1.002-0.808-1.594-1.038c-0.572-0.222-1.227-0.375-2.185-0.418C14.751,3.01,14.444,3,12,3L12,3z M12,7.378 c-2.552,0-4.622,2.069-4.622,4.622S9.448,16.622,12,16.622s4.622-2.069,4.622-4.622S14.552,7.378,12,7.378z M12,15 c-1.657,0-3-1.343-3-3s1.343-3,3-3s3,1.343,3,3S13.657,15,12,15z M16.804,6.116c-0.596,0-1.08,0.484-1.08,1.08 s0.484,1.08,1.08,1.08c0.596,0,1.08-0.484,1.08-1.08S17.401,6.116,16.804,6.116z\"><\/path><\/svg><span class=\"wp-block-social-link-label screen-reader-text\">Instagram<\/span><\/a><\/li>\n\n<li class=\"wp-social-link wp-social-link-pinterest has-black-color wp-block-social-link\"><a rel=\"noopener nofollow\" target=\"_blank\" href=\"https:\/\/www.pinterest.fr\/marieeve_orbie\/\" class=\"wp-block-social-link-anchor\"><svg width=\"24\" height=\"24\" viewBox=\"0 0 24 24\" version=\"1.1\" xmlns=\"http:\/\/www.w3.org\/2000\/svg\" aria-hidden=\"true\" focusable=\"false\"><path d=\"M12.289,2C6.617,2,3.606,5.648,3.606,9.622c0,1.846,1.025,4.146,2.666,4.878c0.25,0.111,0.381,0.063,0.439-0.169 c0.044-0.175,0.267-1.029,0.365-1.428c0.032-0.128,0.017-0.237-0.091-0.362C6.445,11.911,6.01,10.75,6.01,9.668 c0-2.777,2.194-5.464,5.933-5.464c3.23,0,5.49,2.108,5.49,5.122c0,3.407-1.794,5.768-4.13,5.768c-1.291,0-2.257-1.021-1.948-2.277 c0.372-1.495,1.089-3.112,1.089-4.191c0-0.967-0.542-1.775-1.663-1.775c-1.319,0-2.379,1.309-2.379,3.059 c0,1.115,0.394,1.869,0.394,1.869s-1.302,5.279-1.54,6.261c-0.405,1.666,0.053,4.368,0.094,4.604 c0.021,0.126,0.167,0.169,0.25,0.063c0.129-0.165,1.699-2.419,2.142-4.051c0.158-0.59,0.817-2.995,0.817-2.995 c0.43,0.784,1.681,1.446,3.013,1.446c3.963,0,6.822-3.494,6.822-7.833C20.394,5.112,16.849,2,12.289,2\"><\/path><\/svg><span class=\"wp-block-social-link-label screen-reader-text\">Pinterest<\/span><\/a><\/li><\/ul>\n","protected":false},"excerpt":{"rendered":"<p>MATERN ILLUSTRIERTE WERKZEUGE Hier sind alle Tools und Poster, die ich zum Thema Familie und Elternschaft erstelle. Familientools und Spiele, die ich f\u00fcr meine Geburt, das Stillen und meine Kinder\u2026 <span class=\"read-btn\"><a class=\"read-more\" href=\"https:\/\/www.orbie.ca\/de\/materning\/\">Read More &rarr;<\/a><\/span><\/p>\n","protected":false},"author":1,"featured_media":0,"parent":0,"menu_order":0,"comment_status":"closed","ping_status":"closed","template":"","meta":{"_editorskit_title_hidden":false,"_editorskit_reading_time":1,"_editorskit_is_block_options_detached":false,"_editorskit_block_options_position":"{}","ngg_post_thumbnail":0,"cybocfi_hide_featured_image":"","footnotes":""},"class_list":["post-27204","page","type-page","status-publish","hentry"],"yoast_head":"<!-- This site is optimized with the Yoast SEO plugin v27.5 - https:\/\/yoast.com\/product\/yoast-seo-wordpress\/ -->\n<title>MATERN ILLUSTRIERTE WERKZEUGE - Orbie, autrice et illustratrice<\/title>\n<meta name=\"robots\" content=\"noindex, follow\" \/>\n<meta property=\"og:locale\" content=\"de_DE\" \/>\n<meta property=\"og:type\" content=\"article\" \/>\n<meta property=\"og:title\" content=\"MATERN ILLUSTRIERTE WERKZEUGE - Orbie, autrice et illustratrice\" \/>\n<meta property=\"og:description\" content=\"MATERN ILLUSTRIERTE WERKZEUGE Hier sind alle Tools und Poster, die ich zum Thema Familie und Elternschaft erstelle. Familientools und Spiele, die ich f\u00fcr meine Geburt, das Stillen und meine Kinder\u2026 Read More &rarr;\" \/>\n<meta property=\"og:url\" content=\"https:\/\/www.orbie.ca\/de\/materning\/\" \/>\n<meta property=\"og:site_name\" content=\"Orbie, autrice et illustratrice\" \/>\n<meta property=\"article:publisher\" content=\"https:\/\/www.facebook.com\/dessinsorbie\/\" \/>\n<meta property=\"article:modified_time\" content=\"2024-03-01T20:58:24+00:00\" \/>\n<meta property=\"og:image\" content=\"https:\/\/www.orbie.ca\/wp-content\/uploads\/2022\/10\/DE_Affiches_cadres_3-affiches-1024x768.jpg\" \/>\n<meta name=\"twitter:card\" content=\"summary_large_image\" \/>\n<meta name=\"twitter:label1\" content=\"Gesch\u00e4tzte Lesezeit\" \/>\n\t<meta name=\"twitter:data1\" content=\"3\u00a0Minuten\" \/>\n<script type=\"application\/ld+json\" class=\"yoast-schema-graph\">{\"@context\":\"https:\\\/\\\/schema.org\",\"@graph\":[{\"@type\":\"WebPage\",\"@id\":\"https:\\\/\\\/www.orbie.ca\\\/de\\\/materning\\\/\",\"url\":\"https:\\\/\\\/www.orbie.ca\\\/de\\\/materning\\\/\",\"name\":\"MATERN ILLUSTRIERTE WERKZEUGE - Orbie, autrice et illustratrice\",\"isPartOf\":{\"@id\":\"https:\\\/\\\/www.orbie.ca\\\/#website\"},\"primaryImageOfPage\":{\"@id\":\"https:\\\/\\\/www.orbie.ca\\\/de\\\/materning\\\/#primaryimage\"},\"image\":{\"@id\":\"https:\\\/\\\/www.orbie.ca\\\/de\\\/materning\\\/#primaryimage\"},\"thumbnailUrl\":\"https:\\\/\\\/www.orbie.ca\\\/wp-content\\\/uploads\\\/2022\\\/10\\\/DE_Affiches_cadres_3-affiches-1024x768.jpg\",\"datePublished\":\"2018-04-13T04:42:15+00:00\",\"dateModified\":\"2024-03-01T20:58:24+00:00\",\"breadcrumb\":{\"@id\":\"https:\\\/\\\/www.orbie.ca\\\/de\\\/materning\\\/#breadcrumb\"},\"inLanguage\":\"de\",\"potentialAction\":[{\"@type\":\"ReadAction\",\"target\":[\"https:\\\/\\\/www.orbie.ca\\\/de\\\/materning\\\/\"]}]},{\"@type\":\"ImageObject\",\"inLanguage\":\"de\",\"@id\":\"https:\\\/\\\/www.orbie.ca\\\/de\\\/materning\\\/#primaryimage\",\"url\":\"https:\\\/\\\/www.orbie.ca\\\/wp-content\\\/uploads\\\/2022\\\/10\\\/DE_Affiches_cadres_3-affiches-1024x768.jpg\",\"contentUrl\":\"https:\\\/\\\/www.orbie.ca\\\/wp-content\\\/uploads\\\/2022\\\/10\\\/DE_Affiches_cadres_3-affiches-1024x768.jpg\"},{\"@type\":\"BreadcrumbList\",\"@id\":\"https:\\\/\\\/www.orbie.ca\\\/de\\\/materning\\\/#breadcrumb\",\"itemListElement\":[{\"@type\":\"ListItem\",\"position\":1,\"name\":\"Accueil\",\"item\":\"https:\\\/\\\/www.orbie.ca\\\/de\\\/\"},{\"@type\":\"ListItem\",\"position\":2,\"name\":\"MATERN ILLUSTRIERTE WERKZEUGE\"}]},{\"@type\":\"WebSite\",\"@id\":\"https:\\\/\\\/www.orbie.ca\\\/#website\",\"url\":\"https:\\\/\\\/www.orbie.ca\\\/\",\"name\":\"Orbie, autrice et illustratrice\",\"description\":\"Illustrations, livres jeunesse et outils de p\u00e9rinatalit\u00e9 et maternage\",\"potentialAction\":[{\"@type\":\"SearchAction\",\"target\":{\"@type\":\"EntryPoint\",\"urlTemplate\":\"https:\\\/\\\/www.orbie.ca\\\/?s={search_term_string}\"},\"query-input\":{\"@type\":\"PropertyValueSpecification\",\"valueRequired\":true,\"valueName\":\"search_term_string\"}}],\"inLanguage\":\"de\"}]}<\/script>\n<!-- \/ Yoast SEO plugin. -->","yoast_head_json":{"title":"MATERN ILLUSTRIERTE WERKZEUGE - Orbie, autrice et illustratrice","robots":{"index":"noindex","follow":"follow"},"og_locale":"de_DE","og_type":"article","og_title":"MATERN ILLUSTRIERTE WERKZEUGE - Orbie, autrice et illustratrice","og_description":"MATERN ILLUSTRIERTE WERKZEUGE Hier sind alle Tools und Poster, die ich zum Thema Familie und Elternschaft erstelle. Familientools und Spiele, die ich f\u00fcr meine Geburt, das Stillen und meine Kinder\u2026 Read More &rarr;","og_url":"https:\/\/www.orbie.ca\/de\/materning\/","og_site_name":"Orbie, autrice et illustratrice","article_publisher":"https:\/\/www.facebook.com\/dessinsorbie\/","article_modified_time":"2024-03-01T20:58:24+00:00","og_image":[{"url":"https:\/\/www.orbie.ca\/wp-content\/uploads\/2022\/10\/DE_Affiches_cadres_3-affiches-1024x768.jpg","type":"","width":"","height":""}],"twitter_card":"summary_large_image","twitter_misc":{"Gesch\u00e4tzte Lesezeit":"3\u00a0Minuten"},"schema":{"@context":"https:\/\/schema.org","@graph":[{"@type":"WebPage","@id":"https:\/\/www.orbie.ca\/de\/materning\/","url":"https:\/\/www.orbie.ca\/de\/materning\/","name":"MATERN ILLUSTRIERTE WERKZEUGE - Orbie, autrice et illustratrice","isPartOf":{"@id":"https:\/\/www.orbie.ca\/#website"},"primaryImageOfPage":{"@id":"https:\/\/www.orbie.ca\/de\/materning\/#primaryimage"},"image":{"@id":"https:\/\/www.orbie.ca\/de\/materning\/#primaryimage"},"thumbnailUrl":"https:\/\/www.orbie.ca\/wp-content\/uploads\/2022\/10\/DE_Affiches_cadres_3-affiches-1024x768.jpg","datePublished":"2018-04-13T04:42:15+00:00","dateModified":"2024-03-01T20:58:24+00:00","breadcrumb":{"@id":"https:\/\/www.orbie.ca\/de\/materning\/#breadcrumb"},"inLanguage":"de","potentialAction":[{"@type":"ReadAction","target":["https:\/\/www.orbie.ca\/de\/materning\/"]}]},{"@type":"ImageObject","inLanguage":"de","@id":"https:\/\/www.orbie.ca\/de\/materning\/#primaryimage","url":"https:\/\/www.orbie.ca\/wp-content\/uploads\/2022\/10\/DE_Affiches_cadres_3-affiches-1024x768.jpg","contentUrl":"https:\/\/www.orbie.ca\/wp-content\/uploads\/2022\/10\/DE_Affiches_cadres_3-affiches-1024x768.jpg"},{"@type":"BreadcrumbList","@id":"https:\/\/www.orbie.ca\/de\/materning\/#breadcrumb","itemListElement":[{"@type":"ListItem","position":1,"name":"Accueil","item":"https:\/\/www.orbie.ca\/de\/"},{"@type":"ListItem","position":2,"name":"MATERN ILLUSTRIERTE WERKZEUGE"}]},{"@type":"WebSite","@id":"https:\/\/www.orbie.ca\/#website","url":"https:\/\/www.orbie.ca\/","name":"Orbie, autrice et illustratrice","description":"Illustrations, livres jeunesse et outils de p\u00e9rinatalit\u00e9 et maternage","potentialAction":[{"@type":"SearchAction","target":{"@type":"EntryPoint","urlTemplate":"https:\/\/www.orbie.ca\/?s={search_term_string}"},"query-input":{"@type":"PropertyValueSpecification","valueRequired":true,"valueName":"search_term_string"}}],"inLanguage":"de"}]}},"_links":{"self":[{"href":"https:\/\/www.orbie.ca\/de\/wp-json\/wp\/v2\/pages\/27204","targetHints":{"allow":["GET"]}}],"collection":[{"href":"https:\/\/www.orbie.ca\/de\/wp-json\/wp\/v2\/pages"}],"about":[{"href":"https:\/\/www.orbie.ca\/de\/wp-json\/wp\/v2\/types\/page"}],"author":[{"embeddable":true,"href":"https:\/\/www.orbie.ca\/de\/wp-json\/wp\/v2\/users\/1"}],"replies":[{"embeddable":true,"href":"https:\/\/www.orbie.ca\/de\/wp-json\/wp\/v2\/comments?post=27204"}],"version-history":[{"count":12,"href":"https:\/\/www.orbie.ca\/de\/wp-json\/wp\/v2\/pages\/27204\/revisions"}],"predecessor-version":[{"id":56384,"href":"https:\/\/www.orbie.ca\/de\/wp-json\/wp\/v2\/pages\/27204\/revisions\/56384"}],"wp:attachment":[{"href":"https:\/\/www.orbie.ca\/de\/wp-json\/wp\/v2\/media?parent=27204"}],"curies":[{"name":"wp","href":"https:\/\/api.w.org\/{rel}","templated":true}]}}